{"id":42,"date":"2024-11-05T09:11:24","date_gmt":"2024-11-05T09:11:24","guid":{"rendered":"https:\/\/pyfesa.com\/front_page\/"},"modified":"2024-12-20T10:42:22","modified_gmt":"2024-12-20T10:42:22","slug":"front_page","status":"publish","type":"page","link":"https:\/\/pyfesa.com\/en\/","title":{"rendered":"Home"},"content":{"rendered":"","protected":false},"excerpt":{"rendered":"","protected":false},"author":1,"featured_media":154,"parent":0,"menu_order":0,"comment_status":"closed","ping_status":"closed","template":"","meta":{"saved_in_kubio":true,"footnotes":""},"class_list":["post-42","page","type-page","status-publish","has-post-thumbnail","hentry"],"kubio_ai_page_context":{"short_desc":"","purpose":"general"},"yoast_head":"<!-- This site is optimized with the Yoast SEO plugin v25.6 - https:\/\/yoast.com\/wordpress\/plugins\/seo\/ -->\n<title>Home - PYFESA<\/title>\n<meta name=\"description\" content=\"Dise\u00f1o electr\u00f3nico. Soluciones personalizadas de ingenier\u00eda electr\u00f3nica. Desarrollo de proyectos. Montaje prototipos y series. Software propio\" \/>\n<meta name=\"robots\" content=\"index, follow, max-snippet:-1, max-image-preview:large, max-video-preview:-1\" \/>\n<link rel=\"canonical\" href=\"https:\/\/pyfesa.com\/en\/\" \/>\n<meta property=\"og:locale\" content=\"en_US\" \/>\n<meta property=\"og:type\" content=\"article\" \/>\n<meta property=\"og:title\" content=\"Home - PYFESA\" \/>\n<meta property=\"og:description\" content=\"Dise\u00f1o electr\u00f3nico. Soluciones personalizadas de ingenier\u00eda electr\u00f3nica. Desarrollo de proyectos. Montaje prototipos y series. Software propio\" \/>\n<meta property=\"og:url\" content=\"https:\/\/pyfesa.com\/en\/\" \/>\n<meta property=\"og:site_name\" content=\"PYFESA\" \/>\n<meta property=\"article:modified_time\" content=\"2024-12-20T10:42:22+00:00\" \/>\n<meta property=\"og:image\" content=\"https:\/\/pyfesa.com\/wp-content\/uploads\/2024\/11\/circ2-1-e1734341960152-1024x1014.png\" \/>\n\t<meta property=\"og:image:width\" content=\"1024\" \/>\n\t<meta property=\"og:image:height\" content=\"1014\" \/>\n\t<meta property=\"og:image:type\" content=\"image\/png\" \/>\n<meta name=\"twitter:card\" content=\"summary_large_image\" \/>\n<meta name=\"twitter:label1\" content=\"Est. reading time\" \/>\n\t<meta name=\"twitter:data1\" content=\"1 minute\" \/>\n<script type=\"application\/ld+json\" class=\"yoast-schema-graph\">{\"@context\":\"https:\/\/schema.org\",\"@graph\":[{\"@type\":\"WebPage\",\"@id\":\"https:\/\/pyfesa.com\/\",\"url\":\"https:\/\/pyfesa.com\",\"name\":\"Home - PYFESA\",\"isPartOf\":{\"@id\":\"https:\/\/pyfesa.com\/#website\"},\"primaryImageOfPage\":{\"@id\":\"https:\/\/pyfesa.com#primaryimage\"},\"image\":{\"@id\":\"https:\/\/pyfesa.com#primaryimage\"},\"thumbnailUrl\":\"https:\/\/pyfesa.com\/wp-content\/uploads\/2024\/11\/circ2-1-e1734341960152.png\",\"datePublished\":\"2024-11-05T09:11:24+00:00\",\"dateModified\":\"2024-12-20T10:42:22+00:00\",\"description\":\"Dise\u00f1o electr\u00f3nico. Soluciones personalizadas de ingenier\u00eda electr\u00f3nica. Desarrollo de proyectos. Montaje prototipos y series. Software propio\",\"breadcrumb\":{\"@id\":\"https:\/\/pyfesa.com#breadcrumb\"},\"inLanguage\":\"en-US\",\"potentialAction\":[{\"@type\":\"ReadAction\",\"target\":[\"https:\/\/pyfesa.com\"]}]},{\"@type\":\"ImageObject\",\"inLanguage\":\"en-US\",\"@id\":\"https:\/\/pyfesa.com#primaryimage\",\"url\":\"https:\/\/pyfesa.com\/wp-content\/uploads\/2024\/11\/circ2-1-e1734341960152.png\",\"contentUrl\":\"https:\/\/pyfesa.com\/wp-content\/uploads\/2024\/11\/circ2-1-e1734341960152.png\",\"width\":1829,\"height\":1811,\"caption\":\"Dise\u00f1o electr\u00f3nico. Ingenier\u00eda electr\u00f3nica\"},{\"@type\":\"BreadcrumbList\",\"@id\":\"https:\/\/pyfesa.com#breadcrumb\",\"itemListElement\":[{\"@type\":\"ListItem\",\"position\":1,\"name\":\"Portada\",\"item\":\"https:\/\/pyfesa.com\/\"},{\"@type\":\"ListItem\",\"position\":2,\"name\":\"dise\u00f1o electronica\"}]},{\"@type\":\"WebSite\",\"@id\":\"https:\/\/pyfesa.com\/#website\",\"url\":\"https:\/\/pyfesa.com\/\",\"name\":\"PYFESA - Ingenier\u00eda electr\u00f3nica\",\"description\":\"Soluciones de ingenier\u00eda electr\u00f3nica\",\"publisher\":{\"@id\":\"https:\/\/pyfesa.com\/#organization\"},\"potentialAction\":[{\"@type\":\"SearchAction\",\"target\":{\"@type\":\"EntryPoint\",\"urlTemplate\":\"https:\/\/pyfesa.com\/?s={search_term_string}\"},\"query-input\":{\"@type\":\"PropertyValueSpecification\",\"valueRequired\":true,\"valueName\":\"search_term_string\"}}],\"inLanguage\":\"en-US\"},{\"@type\":\"Organization\",\"@id\":\"https:\/\/pyfesa.com\/#organization\",\"name\":\"PYFESA\",\"url\":\"https:\/\/pyfesa.com\/\",\"logo\":{\"@type\":\"ImageObject\",\"inLanguage\":\"en-US\",\"@id\":\"https:\/\/pyfesa.com\/#\/schema\/logo\/image\/\",\"url\":\"https:\/\/pyfesa.com\/wp-content\/uploads\/2024\/11\/logo-p.png\",\"contentUrl\":\"https:\/\/pyfesa.com\/wp-content\/uploads\/2024\/11\/logo-p.png\",\"width\":215,\"height\":88,\"caption\":\"PYFESA\"},\"image\":{\"@id\":\"https:\/\/pyfesa.com\/#\/schema\/logo\/image\/\"}}]}<\/script>\n<!-- \/ Yoast SEO plugin. -->","yoast_head_json":{"title":"Home - PYFESA","description":"Dise\u00f1o electr\u00f3nico. Soluciones personalizadas de ingenier\u00eda electr\u00f3nica. Desarrollo de proyectos. Montaje prototipos y series. Software propio","robots":{"index":"index","follow":"follow","max-snippet":"max-snippet:-1","max-image-preview":"max-image-preview:large","max-video-preview":"max-video-preview:-1"},"canonical":"https:\/\/pyfesa.com\/en\/","og_locale":"en_US","og_type":"article","og_title":"Home - PYFESA","og_description":"Dise\u00f1o electr\u00f3nico. Soluciones personalizadas de ingenier\u00eda electr\u00f3nica. Desarrollo de proyectos. Montaje prototipos y series. Software propio","og_url":"https:\/\/pyfesa.com\/en\/","og_site_name":"PYFESA","article_modified_time":"2024-12-20T10:42:22+00:00","og_image":[{"width":1024,"height":1014,"url":"https:\/\/pyfesa.com\/wp-content\/uploads\/2024\/11\/circ2-1-e1734341960152-1024x1014.png","type":"image\/png"}],"twitter_card":"summary_large_image","twitter_misc":{"Est. reading time":"1 minute"},"schema":{"@context":"https:\/\/schema.org","@graph":[{"@type":"WebPage","@id":"https:\/\/pyfesa.com\/","url":"https:\/\/pyfesa.com","name":"Home - PYFESA","isPartOf":{"@id":"https:\/\/pyfesa.com\/#website"},"primaryImageOfPage":{"@id":"https:\/\/pyfesa.com#primaryimage"},"image":{"@id":"https:\/\/pyfesa.com#primaryimage"},"thumbnailUrl":"https:\/\/pyfesa.com\/wp-content\/uploads\/2024\/11\/circ2-1-e1734341960152.png","datePublished":"2024-11-05T09:11:24+00:00","dateModified":"2024-12-20T10:42:22+00:00","description":"Dise\u00f1o electr\u00f3nico. Soluciones personalizadas de ingenier\u00eda electr\u00f3nica. Desarrollo de proyectos. Montaje prototipos y series. Software propio","breadcrumb":{"@id":"https:\/\/pyfesa.com#breadcrumb"},"inLanguage":"en-US","potentialAction":[{"@type":"ReadAction","target":["https:\/\/pyfesa.com"]}]},{"@type":"ImageObject","inLanguage":"en-US","@id":"https:\/\/pyfesa.com#primaryimage","url":"https:\/\/pyfesa.com\/wp-content\/uploads\/2024\/11\/circ2-1-e1734341960152.png","contentUrl":"https:\/\/pyfesa.com\/wp-content\/uploads\/2024\/11\/circ2-1-e1734341960152.png","width":1829,"height":1811,"caption":"Dise\u00f1o electr\u00f3nico. Ingenier\u00eda electr\u00f3nica"},{"@type":"BreadcrumbList","@id":"https:\/\/pyfesa.com#breadcrumb","itemListElement":[{"@type":"ListItem","position":1,"name":"Portada","item":"https:\/\/pyfesa.com\/"},{"@type":"ListItem","position":2,"name":"dise\u00f1o electronica"}]},{"@type":"WebSite","@id":"https:\/\/pyfesa.com\/#website","url":"https:\/\/pyfesa.com\/","name":"PYFESA - Ingenier\u00eda electr\u00f3nica","description":"Soluciones de ingenier\u00eda electr\u00f3nica","publisher":{"@id":"https:\/\/pyfesa.com\/#organization"},"potentialAction":[{"@type":"SearchAction","target":{"@type":"EntryPoint","urlTemplate":"https:\/\/pyfesa.com\/?s={search_term_string}"},"query-input":{"@type":"PropertyValueSpecification","valueRequired":true,"valueName":"search_term_string"}}],"inLanguage":"en-US"},{"@type":"Organization","@id":"https:\/\/pyfesa.com\/#organization","name":"PYFESA","url":"https:\/\/pyfesa.com\/","logo":{"@type":"ImageObject","inLanguage":"en-US","@id":"https:\/\/pyfesa.com\/#\/schema\/logo\/image\/","url":"https:\/\/pyfesa.com\/wp-content\/uploads\/2024\/11\/logo-p.png","contentUrl":"https:\/\/pyfesa.com\/wp-content\/uploads\/2024\/11\/logo-p.png","width":215,"height":88,"caption":"PYFESA"},"image":{"@id":"https:\/\/pyfesa.com\/#\/schema\/logo\/image\/"}}]}},"_links":{"self":[{"href":"https:\/\/pyfesa.com\/en\/wp-json\/wp\/v2\/pages\/42"}],"collection":[{"href":"https:\/\/pyfesa.com\/en\/wp-json\/wp\/v2\/pages"}],"about":[{"href":"https:\/\/pyfesa.com\/en\/wp-json\/wp\/v2\/types\/page"}],"author":[{"embeddable":true,"href":"https:\/\/pyfesa.com\/en\/wp-json\/wp\/v2\/users\/1"}],"replies":[{"embeddable":true,"href":"https:\/\/pyfesa.com\/en\/wp-json\/wp\/v2\/comments?post=42"}],"version-history":[{"count":51,"href":"https:\/\/pyfesa.com\/en\/wp-json\/wp\/v2\/pages\/42\/revisions"}],"predecessor-version":[{"id":280,"href":"https:\/\/pyfesa.com\/en\/wp-json\/wp\/v2\/pages\/42\/revisions\/280"}],"wp:featuredmedia":[{"embeddable":true,"href":"https:\/\/pyfesa.com\/en\/wp-json\/wp\/v2\/media\/154"}],"wp:attachment":[{"href":"https:\/\/pyfesa.com\/en\/wp-json\/wp\/v2\/media?parent=42"}],"curies":[{"name":"wp","href":"https:\/\/api.w.org\/{rel}","templated":true}]}}