{"id":3,"date":"2024-11-05T10:08:38","date_gmt":"2024-11-05T10:08:38","guid":{"rendered":"https:\/\/pyfesa.com\/?page_id=3"},"modified":"2024-11-07T09:07:46","modified_gmt":"2024-11-07T09:07:46","slug":"privacy-policy","status":"publish","type":"page","link":"https:\/\/pyfesa.com\/en\/privacy-policy\/","title":{"rendered":"Pol\u00edtica de privacidad"},"content":{"rendered":"<h2 class=\"wp-block-heading\">AVISO LEGAL<\/h2>\n\n\n\n<p>PROYECTOS Y FABRICACION ELECTRONICA, S.A. garantiza la privacidad de los datos de car\u00e1cter personal aportados, seg\u00fan el RGPD.<br>La visita a esta web no supone que el usuario est\u00e9 obligado a facilitar ninguna informaci\u00f3n sobre s\u00ed mismo, no obstante durante la visita es posible s\u00e9 que soliciten datos de car\u00e1cter personal a trav\u00e9s de formularios.<\/p>\n\n\n\n<p>Dichos datos ser\u00e1n utilizados para contestar la solicitud por su parte realizada y para el env\u00edo de la misma,tambi\u00e9n ser\u00e1n utilizados para enviarles informaci\u00f3n de nuestra empresa y servicios por cualquier medio de comunicaci\u00f3n, al enviarnos dicho formulario usted est\u00e1 aceptado expl\u00edcitamente la recepci\u00f3n de los mismos, en el caso que no deseara recibir nuestra informaci\u00f3n, \u00fanicamente tendr\u00eda que enviar un correo electr\u00f3nico solicitando la baja de nuestro servicio informativo a info@pyfesa.com, sus datos personales formar\u00e1n parte del fichero clientes, cuyo destinatario y responsable del fichero y del tratamiento del mismo es: PROYECTOS Y FABRICACI\u00d3N ELECTR\u00d3NICA, S.A., en Mikeletegi, 69-1\u00ba DONOSTIA.(C.P.20009) GIPUZKOA donde podr\u00e1 ejercer los derechos de acceso, rectificaci\u00f3n, cancelaci\u00f3n y oposici\u00f3n, mediante escrito la direcci\u00f3n antes indicada incluyendo copia del DNI o documento identificativo equivalente.La negativa a proporcionar los datos supondr\u00e1 la no prestaci\u00f3n o la imposibilidad de acceder al servicio para los que eran solicitados. Usted tiene derecho a recibir respuesta de cualquier pregunta, consulta o aclaraci\u00f3n que le surja derivada de este formulario.<\/p>\n\n\n\n<p>En el supuesto de que aporte sus datos a trav\u00e9s de un mensaje de correo electr\u00f3nico, el mismo formar\u00e1 parte del mismo fichero cuya finalidad ser\u00e1 la gesti\u00f3n dela solicitud o comentario que nos realiza, siendo aplicables el resto de extremos indicados en el p\u00e1rrafo anterior. Todos sus datos ser\u00e1n dados de baja definitivamente de nuestra base de datos por los siguientes motivos:<\/p>\n\n\n\n<p>1\u00ba- a petici\u00f3n suya.<br>2\u00ba- cuando hayan dejado de ser necesarios para los fines que motivaron su recogida.<\/p>\n\n\n\n<p>Las partes se someten, a su elecci\u00f3n, para la resoluci\u00f3n de los conflictos y con renuncia a cualquier otro fuero, a los juzgados y tribunales del domicilio del propietario del sitio Web.<\/p>\n\n\n\n<h2 class=\"wp-block-heading\">POLITICA DE PRIVACIDAD Y CONDICIONES DE USO<\/h2>\n\n\n\n<h3 class=\"wp-block-heading\">Titular Web<\/h3>\n\n\n\n<p>En cumplimiento del art\u00edculo 10 de la Ley 34\/2002 de 11 de julio de Servicios de la Sociedad de la Informaci\u00f3n y de Comercio Electr\u00f3nico PROYECTOS Y FABRICACI\u00d3N ELECTR\u00d3NICA, S.A.. En calidad de titular del www.pyfesa.com le comunica los datos identificativos exigidos por dicha Ley. Denominaci\u00f3n social: PROYECTOS Y FABRICACI\u00d3N ELECTR\u00d3NICA, S.A. CIF: A20114575 Datos de inscripci\u00f3n: Registro Mercantil de la ciudad de San Sebasti\u00e1n al tomo 1213 general, folio 148 hoja n\u00famero SS-4263 inscripci\u00f3n 5\u00aa. Propietaria de la marca PROYECTOS Y FABRICACI\u00d3N ELECTR\u00d3NICA, S.A. registrada con el n\u00famero 1.224..885 Direcci\u00f3n de correo electr\u00f3nico: pyfe@pyfesa.com Domicilio social: Mikeletegi, 69-1\u00ba DONOSTIA. (C.P.20009) GIPUZKOA La presente informaci\u00f3n regula las condiciones de uso, las limitaciones de responsabilidad y las obligaciones que los usuarios de la p\u00e1gina Web que se publica bajo el nombre del dominio www.pyfesa.com las cuales los usuarios asumen y se comprometen a respetar.<\/p>\n\n\n\n<h3 class=\"wp-block-heading\">Cookies<\/h3>\n\n\n\n<p>Esta p\u00e1gina web utiliza tecnolog\u00eda \u201ccookies\u201d.<br><strong>Descripci\u00f3n:<\/strong>&nbsp;Las cookies constituyen una herramienta empleada por los servidores Web para almacenar y recuperar informaci\u00f3n acerca de sus visitantes. No es m\u00e1s que un fichero de texto que algunos servidores piden a nuestro navegador que escriba en nuestro disco duro, con informaci\u00f3n acerca de lo que hemos estado visitando por dichas p\u00e1ginas. Poseen una fecha de caducidad, que puede oscilar desde el tiempo que dure la sesi\u00f3n hasta una fecha futura especificada, a partir de la cual dejan de ser operativas. www.pyfesa.com utiliza cookies para facilitar la navegaci\u00f3n por dicho Portal y para obtener una mayor eficacia y personalizaci\u00f3n de los servicios ofrecidos a los Usuarios. Las cookies empleadas en www.pyfesa.com se asocian \u00fanicamente con un Usuario an\u00f3nimo y su ordenador, no proporcionan referencias que permitan deducir el nombre y apellidos del Usuario y no pueden leer datos de su disco duro ni incluir virus en sus equipos. Asimismo, www.pyfesa.com no puede leer las cookies implantadas en el disco duro del Usuario desde otros servidores. El usuario puede libremente decidir acerca de la implantaci\u00f3n o no en su disco duro de las cookies empleadas en www.pyfesa.com. En este sentido, el usuario puede configurar su navegador para aceptar o rechazar por defecto todas las cookies o para recibir un aviso en pantalla de la recepci\u00f3n de cada cookie y decidir en ese momento su implantaci\u00f3n o no en su disco duro. Para ello le sugerimos consultar la secci\u00f3n de ayuda de su navegador para saber c\u00f3mo cambiar la configuraci\u00f3n que actualmente emplea. Aun cuando el Usuario configurase su navegador para rechazar todas las cookies o rechazase expresamente las cookies de www.pyfesa.com podr\u00e1 navegar por el Portal con el \u00fanico inconveniente de no poder disfrutar de las funcionalidades del Portal que requieran la instalaci\u00f3n de alguna de ellas. En cualquier caso, el Usuario podr\u00e1 eliminar las cookies de www.pyfesa.com implantadas en su disco duro en cualquier momento, siguiendo el procedimiento establecido en la secci\u00f3n de ayuda de su navegador.<\/p>\n\n\n\n<h3 class=\"wp-block-heading\">Condiciones de uso<\/h3>\n\n\n\n<p>La utilizaci\u00f3n de la p\u00e1gina otorga la utilizaci\u00f3n de usuario e implica la aceptaci\u00f3n de las condiciones del aviso legal, pol\u00edtica de privacidad y condiciones de uso, si el usuario no estuviera conforme, se abstendr\u00e1 de utilizar la p\u00e1gina. El Usuario est\u00e1 obligado y se compromete a utilizar la p\u00e1gina y los contenidos de conformidad con la legislaci\u00f3n vigente, el Aviso Legal, y cualquier otro aviso contenido en esta p\u00e1gina, as\u00ed como con las normas de convivencia, la moral y buenas costumbres generalmente aceptadas. El Usuario se obliga y se compromete a no transmitir, difundir o poner a disposici\u00f3n de terceros cualquier contenido de la P\u00e1gina, tales como informaciones, textos, datos, contenidos, mensajes, gr\u00e1ficos, dibujos, archivos de sonido y\/o imagen, fotograf\u00edas, grabaciones, software, logotipos, marcas, iconos, tecnolog\u00eda, fotograf\u00edas, software, enlaces, dise\u00f1o gr\u00e1fico y c\u00f3digos fuente, o cualquier otro material al que tuviera acceso en su condici\u00f3n de Usuario de la P\u00e1gina, sin que esta enumeraci\u00f3n tenga car\u00e1cter limitativo.<\/p>\n\n\n\n<h3 class=\"wp-block-heading\">Propiedad intelectual<\/h3>\n\n\n\n<p>Todas las marcas, nombres comerciales o signos distintivos de cualquier clase que aparecen en la P\u00e1gina son propiedad de PROYECTOS Y FABRICACI\u00d3N ELECTR\u00d3NICA, S.A. o, en su caso, de terceros que han autorizado su uso, sin que pueda entenderse que el uso o acceso al Portal y\/o a los Contenidos atribuya al Usuario derecho alguno sobre las citadas marcas, nombres comerciales y\/o signos distintivos, y sin que puedan entenderse cedidos al Usuario, ninguno de los derechos de explotaci\u00f3n que existen o puedan existir sobre dichos contenidos. Y no entiende cedidos ni se autoriza su utilizaci\u00f3n, en ning\u00fan caso, a los usuarios<\/p>\n\n\n\n<p><\/p>","protected":false},"excerpt":{"rendered":"<p>AVISO LEGAL PROYECTOS Y FABRICACION ELECTRONICA, S.A. garantiza la privacidad de los datos de car\u00e1cter personal aportados, seg\u00fan el RGPD.La visita a esta web no supone que el usuario est\u00e9 obligado a facilitar ninguna informaci\u00f3n sobre s\u00ed mismo, no obstante durante la visita es posible s\u00e9 que soliciten datos de car\u00e1cter personal a trav\u00e9s de [&hellip;]<\/p>\n","protected":false},"author":1,"featured_media":0,"parent":0,"menu_order":0,"comment_status":"closed","ping_status":"open","template":"","meta":{"saved_in_kubio":true,"footnotes":""},"class_list":["post-3","page","type-page","status-publish","hentry"],"kubio_ai_page_context":{"short_desc":"","purpose":"general"},"yoast_head":"<!-- This site is optimized with the Yoast SEO plugin v25.6 - https:\/\/yoast.com\/wordpress\/plugins\/seo\/ -->\n<title>Pol\u00edtica de privacidad - PYFESA<\/title>\n<meta name=\"robots\" content=\"index, follow, max-snippet:-1, max-image-preview:large, max-video-preview:-1\" \/>\n<link rel=\"canonical\" href=\"https:\/\/pyfesa.com\/en\/privacy-policy\/\" \/>\n<meta property=\"og:locale\" content=\"en_US\" \/>\n<meta property=\"og:type\" content=\"article\" \/>\n<meta property=\"og:title\" content=\"Pol\u00edtica de privacidad - PYFESA\" \/>\n<meta property=\"og:description\" content=\"AVISO LEGAL PROYECTOS Y FABRICACION ELECTRONICA, S.A. garantiza la privacidad de los datos de car\u00e1cter personal aportados, seg\u00fan el RGPD.La visita a esta web no supone que el usuario est\u00e9 obligado a facilitar ninguna informaci\u00f3n sobre s\u00ed mismo, no obstante durante la visita es posible s\u00e9 que soliciten datos de car\u00e1cter personal a trav\u00e9s de [&hellip;]\" \/>\n<meta property=\"og:url\" content=\"https:\/\/pyfesa.com\/en\/privacy-policy\/\" \/>\n<meta property=\"og:site_name\" content=\"PYFESA\" \/>\n<meta property=\"article:modified_time\" content=\"2024-11-07T09:07:46+00:00\" \/>\n<meta name=\"twitter:card\" content=\"summary_large_image\" \/>\n<meta name=\"twitter:label1\" content=\"Est. reading time\" \/>\n\t<meta name=\"twitter:data1\" content=\"6 minutes\" \/>\n<script type=\"application\/ld+json\" class=\"yoast-schema-graph\">{\"@context\":\"https:\/\/schema.org\",\"@graph\":[{\"@type\":\"WebPage\",\"@id\":\"https:\/\/pyfesa.com\/privacy-policy\/\",\"url\":\"https:\/\/pyfesa.com\/privacy-policy\/\",\"name\":\"Pol\u00edtica de privacidad - PYFESA\",\"isPartOf\":{\"@id\":\"https:\/\/pyfesa.com\/#website\"},\"datePublished\":\"2024-11-05T10:08:38+00:00\",\"dateModified\":\"2024-11-07T09:07:46+00:00\",\"breadcrumb\":{\"@id\":\"https:\/\/pyfesa.com\/privacy-policy\/#breadcrumb\"},\"inLanguage\":\"en-US\",\"potentialAction\":[{\"@type\":\"ReadAction\",\"target\":[\"https:\/\/pyfesa.com\/privacy-policy\/\"]}]},{\"@type\":\"BreadcrumbList\",\"@id\":\"https:\/\/pyfesa.com\/privacy-policy\/#breadcrumb\",\"itemListElement\":[{\"@type\":\"ListItem\",\"position\":1,\"name\":\"Portada\",\"item\":\"https:\/\/pyfesa.com\/\"},{\"@type\":\"ListItem\",\"position\":2,\"name\":\"Pol\u00edtica de privacidad\"}]},{\"@type\":\"WebSite\",\"@id\":\"https:\/\/pyfesa.com\/#website\",\"url\":\"https:\/\/pyfesa.com\/\",\"name\":\"PYFESA - Ingenier\u00eda electr\u00f3nica\",\"description\":\"Soluciones de ingenier\u00eda electr\u00f3nica\",\"publisher\":{\"@id\":\"https:\/\/pyfesa.com\/#organization\"},\"potentialAction\":[{\"@type\":\"SearchAction\",\"target\":{\"@type\":\"EntryPoint\",\"urlTemplate\":\"https:\/\/pyfesa.com\/?s={search_term_string}\"},\"query-input\":{\"@type\":\"PropertyValueSpecification\",\"valueRequired\":true,\"valueName\":\"search_term_string\"}}],\"inLanguage\":\"en-US\"},{\"@type\":\"Organization\",\"@id\":\"https:\/\/pyfesa.com\/#organization\",\"name\":\"PYFESA\",\"url\":\"https:\/\/pyfesa.com\/\",\"logo\":{\"@type\":\"ImageObject\",\"inLanguage\":\"en-US\",\"@id\":\"https:\/\/pyfesa.com\/#\/schema\/logo\/image\/\",\"url\":\"https:\/\/pyfesa.com\/wp-content\/uploads\/2024\/11\/logo-p.png\",\"contentUrl\":\"https:\/\/pyfesa.com\/wp-content\/uploads\/2024\/11\/logo-p.png\",\"width\":215,\"height\":88,\"caption\":\"PYFESA\"},\"image\":{\"@id\":\"https:\/\/pyfesa.com\/#\/schema\/logo\/image\/\"}}]}<\/script>\n<!-- \/ Yoast SEO plugin. -->","yoast_head_json":{"title":"Pol\u00edtica de privacidad - PYFESA","robots":{"index":"index","follow":"follow","max-snippet":"max-snippet:-1","max-image-preview":"max-image-preview:large","max-video-preview":"max-video-preview:-1"},"canonical":"https:\/\/pyfesa.com\/en\/privacy-policy\/","og_locale":"en_US","og_type":"article","og_title":"Pol\u00edtica de privacidad - PYFESA","og_description":"AVISO LEGAL PROYECTOS Y FABRICACION ELECTRONICA, S.A. garantiza la privacidad de los datos de car\u00e1cter personal aportados, seg\u00fan el RGPD.La visita a esta web no supone que el usuario est\u00e9 obligado a facilitar ninguna informaci\u00f3n sobre s\u00ed mismo, no obstante durante la visita es posible s\u00e9 que soliciten datos de car\u00e1cter personal a trav\u00e9s de [&hellip;]","og_url":"https:\/\/pyfesa.com\/en\/privacy-policy\/","og_site_name":"PYFESA","article_modified_time":"2024-11-07T09:07:46+00:00","twitter_card":"summary_large_image","twitter_misc":{"Est. reading time":"6 minutes"},"schema":{"@context":"https:\/\/schema.org","@graph":[{"@type":"WebPage","@id":"https:\/\/pyfesa.com\/privacy-policy\/","url":"https:\/\/pyfesa.com\/privacy-policy\/","name":"Pol\u00edtica de privacidad - PYFESA","isPartOf":{"@id":"https:\/\/pyfesa.com\/#website"},"datePublished":"2024-11-05T10:08:38+00:00","dateModified":"2024-11-07T09:07:46+00:00","breadcrumb":{"@id":"https:\/\/pyfesa.com\/privacy-policy\/#breadcrumb"},"inLanguage":"en-US","potentialAction":[{"@type":"ReadAction","target":["https:\/\/pyfesa.com\/privacy-policy\/"]}]},{"@type":"BreadcrumbList","@id":"https:\/\/pyfesa.com\/privacy-policy\/#breadcrumb","itemListElement":[{"@type":"ListItem","position":1,"name":"Portada","item":"https:\/\/pyfesa.com\/"},{"@type":"ListItem","position":2,"name":"Pol\u00edtica de privacidad"}]},{"@type":"WebSite","@id":"https:\/\/pyfesa.com\/#website","url":"https:\/\/pyfesa.com\/","name":"PYFESA - Ingenier\u00eda electr\u00f3nica","description":"Soluciones de ingenier\u00eda electr\u00f3nica","publisher":{"@id":"https:\/\/pyfesa.com\/#organization"},"potentialAction":[{"@type":"SearchAction","target":{"@type":"EntryPoint","urlTemplate":"https:\/\/pyfesa.com\/?s={search_term_string}"},"query-input":{"@type":"PropertyValueSpecification","valueRequired":true,"valueName":"search_term_string"}}],"inLanguage":"en-US"},{"@type":"Organization","@id":"https:\/\/pyfesa.com\/#organization","name":"PYFESA","url":"https:\/\/pyfesa.com\/","logo":{"@type":"ImageObject","inLanguage":"en-US","@id":"https:\/\/pyfesa.com\/#\/schema\/logo\/image\/","url":"https:\/\/pyfesa.com\/wp-content\/uploads\/2024\/11\/logo-p.png","contentUrl":"https:\/\/pyfesa.com\/wp-content\/uploads\/2024\/11\/logo-p.png","width":215,"height":88,"caption":"PYFESA"},"image":{"@id":"https:\/\/pyfesa.com\/#\/schema\/logo\/image\/"}}]}},"_links":{"self":[{"href":"https:\/\/pyfesa.com\/en\/wp-json\/wp\/v2\/pages\/3"}],"collection":[{"href":"https:\/\/pyfesa.com\/en\/wp-json\/wp\/v2\/pages"}],"about":[{"href":"https:\/\/pyfesa.com\/en\/wp-json\/wp\/v2\/types\/page"}],"author":[{"embeddable":true,"href":"https:\/\/pyfesa.com\/en\/wp-json\/wp\/v2\/users\/1"}],"replies":[{"embeddable":true,"href":"https:\/\/pyfesa.com\/en\/wp-json\/wp\/v2\/comments?post=3"}],"version-history":[{"count":5,"href":"https:\/\/pyfesa.com\/en\/wp-json\/wp\/v2\/pages\/3\/revisions"}],"predecessor-version":[{"id":193,"href":"https:\/\/pyfesa.com\/en\/wp-json\/wp\/v2\/pages\/3\/revisions\/193"}],"wp:attachment":[{"href":"https:\/\/pyfesa.com\/en\/wp-json\/wp\/v2\/media?parent=3"}],"curies":[{"name":"wp","href":"https:\/\/api.w.org\/{rel}","templated":true}]}}